{"id":7,"date":"2024-11-25T20:30:40","date_gmt":"2024-11-25T20:30:40","guid":{"rendered":"https:\/\/comandoomega.com\/index.php\/page\/"},"modified":"2024-12-27T21:16:35","modified_gmt":"2024-12-27T21:16:35","slug":"quienessom","status":"publish","type":"page","link":"https:\/\/comandoomega.com\/index.php\/quienessom\/","title":{"rendered":"Quienes Somos"},"content":{"rendered":"<p>Fundamento legal Documentos que acredita a Comando Omega, S.A como una Empresa de Seguridad Seria y Legalmente Constituida para poder brindar los servicios a terceras personas, para tal efecto fuimos inscritos bajo el. Acuerdo Ministerial No. 2055-2003 y ahora con la licencia de Operaci\u00f3n No. \u201cA\u201d503. Vigente.<br \/>\nInscripci\u00f3n en el Registro Mercantil<br \/>\nCertificaci\u00f3n de Readecuaci\u00f3n desde a\u00f1o 2010<br \/>\nPatente de Comercio Y de Sociedad An\u00f3nima<br \/>\nRegistro de Armamento ante la DIGECAM<br \/>\nNIT Contribuyente ante la SAT<br \/>\nFianza de Responsabilidades ante el Cliente<br \/>\nSeguro de Vida Para todo el personal laborante<\/p>\n<p><strong>NUESTRA EXPERIENCIA<\/strong><br \/>\nLa experiencia del cliente constituye el n\u00facleo de todo lo que hacemos Nuestros clientes son la raz\u00f3n de nuestra existencia. Les demostramos nuestro aprecio provey\u00e9ndoles seguridad de alta calidad y servicio<br \/>\nSuperior, en un ambiente agradable y acogedor.<\/p>\n<p>Todo esto a un precio justo. Nuestra meta es ofrecer un alto nivel de satisfacci\u00f3n a todos y cada uno de los clientes, en cada oportunidad<\/p>\n<p><strong>VISION<\/strong><br \/>\nes brindar a nuestros clientes un servicio de calidad y una atenci\u00f3n personalizada, para nosotros el cliente es lo primero y estamos conscientes que la mejor carta de recomendaci\u00f3n es el buen desempe\u00f1o y las buenas medidas que se tomen en el \u00e1rea de seguridad para que el cliente este cien por ciento satisfecho de nuestro servicio.<\/p>\n","protected":false},"excerpt":{"rendered":"<p>Fundamento legal Documentos que acredita a Comando Omega, S.A como una Empresa de Seguridad Seria y Legalmente Constituida para poder brindar los servicios a terceras personas, para tal efecto fuimos inscritos bajo el. Acuerdo Ministerial No. 2055-2003 y ahora con la licencia de Operaci\u00f3n No. \u201cA\u201d503. Vigente. Inscripci\u00f3n en el Registro Mercantil Certificaci\u00f3n de Readecuaci\u00f3n [&hellip;]<\/p>\n","protected":false},"author":1,"featured_media":0,"parent":0,"menu_order":0,"comment_status":"closed","ping_status":"closed","template":"","meta":{"footnotes":""},"class_list":["post-7","page","type-page","status-publish","hentry"],"_links":{"self":[{"href":"https:\/\/comandoomega.com\/index.php\/wp-json\/wp\/v2\/pages\/7","targetHints":{"allow":["GET"]}}],"collection":[{"href":"https:\/\/comandoomega.com\/index.php\/wp-json\/wp\/v2\/pages"}],"about":[{"href":"https:\/\/comandoomega.com\/index.php\/wp-json\/wp\/v2\/types\/page"}],"author":[{"embeddable":true,"href":"https:\/\/comandoomega.com\/index.php\/wp-json\/wp\/v2\/users\/1"}],"replies":[{"embeddable":true,"href":"https:\/\/comandoomega.com\/index.php\/wp-json\/wp\/v2\/comments?post=7"}],"version-history":[{"count":7,"href":"https:\/\/comandoomega.com\/index.php\/wp-json\/wp\/v2\/pages\/7\/revisions"}],"predecessor-version":[{"id":201,"href":"https:\/\/comandoomega.com\/index.php\/wp-json\/wp\/v2\/pages\/7\/revisions\/201"}],"wp:attachment":[{"href":"https:\/\/comandoomega.com\/index.php\/wp-json\/wp\/v2\/media?parent=7"}],"curies":[{"name":"wp","href":"https:\/\/api.w.org\/{rel}","templated":true}]}}